{"id":649,"date":"2024-10-18T16:15:11","date_gmt":"2024-10-18T16:15:11","guid":{"rendered":"https:\/\/idsmovil.com.mx\/?page_id=649"},"modified":"2024-10-18T17:04:42","modified_gmt":"2024-10-18T17:04:42","slug":"casos-de-exito","status":"publish","type":"page","link":"https:\/\/idsmovil.com.mx\/?page_id=649","title":{"rendered":"CASOS DE \u00c9XITO"},"content":{"rendered":"\n<p class=\"has-medium-font-size\"><strong>&#8220;Industria de Productos L\u00e1cteos y Derivados<\/strong>&#8221; <\/p>\n\n\n\n<p class=\"has-medium-font-size\"><strong>Migraci\u00f3n de estrategias comerciales a SAP Master <\/strong> <strong>Data Governance.<\/strong><\/p>\n\n\n\n<div style=\"height:100px\" aria-hidden=\"true\" class=\"wp-block-spacer\"><\/div>\n\n\n\n<div class=\"wp-block-cover aligncenter\"><span aria-hidden=\"true\" class=\"wp-block-cover__background has-background-dim\"><\/span><img fetchpriority=\"high\" decoding=\"async\" width=\"1020\" height=\"681\" class=\"wp-block-cover__image-background wp-image-650\" alt=\"\" src=\"https:\/\/idsmovil.com.mx\/wp-content\/uploads\/2024\/10\/LACTEOS.png\" data-object-fit=\"cover\" srcset=\"https:\/\/idsmovil.com.mx\/wp-content\/uploads\/2024\/10\/LACTEOS.png 1020w, https:\/\/idsmovil.com.mx\/wp-content\/uploads\/2024\/10\/LACTEOS-200x134.png 200w\" sizes=\"(max-width: 1020px) 100vw, 1020px\" \/><div class=\"wp-block-cover__inner-container is-layout-flow wp-block-cover-is-layout-flow\">\n<p class=\"has-text-align-center has-large-font-size\"><\/p>\n<\/div><\/div>\n\n\n\n<div style=\"height:100px\" aria-hidden=\"true\" class=\"wp-block-spacer\"><\/div>\n\n\n\n<p><strong><em>Objetivo del Proyecto:<\/em><\/strong><\/p>\n\n\n\n<p>Crear una soluci\u00f3n eficiente y robusta para la administraci\u00f3n de los datos de estrategias comerciales y de marketing, migrando el modelo de Pir\u00e1mides de Precios, Descuentos y Promociones que se hab\u00eda implementado anteriormente en su sistema ERP hacia el sistema MDG.<\/p>\n\n\n\n<p>Teniendo como base la implementaci\u00f3n de pir\u00e1mides en el sistema ERP, se definieron estructuras de datos para adaptar y solventar los requerimientos del nuevo modelo de administraci\u00f3n que plantea SAP MDG. El producto final cuenta con Solicitudes de Modificaci\u00f3n din\u00e1micas para cada modelo de datos ( Precios, Descuentos, Promociones y Portafolio de Productos), WorkFlows personalizados por cada nivel jer\u00e1rquico de autorizaci\u00f3n de informaci\u00f3n ( Implementado con BRF+) y finalmente interfaces a los sistemas externos \/ legados operados para sistemas m\u00f3viles y de marketing.<\/p>\n\n\n\n<p><\/p>\n\n\n\n<p><strong><em>Master Data Governance<\/em><\/strong><\/p>\n\n\n\n<p>Dise\u00f1o e implementaci\u00f3n de modelos de datos, Workflows.<\/p>\n\n\n\n<p><strong><em>Comercial<\/em><\/strong><\/p>\n\n\n\n<p>Dise\u00f1o de estrategias y definici\u00f3n de datos maestros.<\/p>\n\n\n\n<p><strong><em>ABAP<\/em><\/strong><\/p>\n\n\n\n<p>Creaci\u00f3n de programas e interfaces para soportar cada una de las soluciones personalizadas para el cliente.<\/p>\n\n\n\n<p><strong><em>Servicios implementados:<\/em><\/strong><\/p>\n\n\n\n<p>-Administraci\u00f3n de Proyectos. -Consultor\u00eda SAP.<\/p>\n\n\n\n<div style=\"height:100px\" aria-hidden=\"true\" class=\"wp-block-spacer\"><\/div>\n\n\n\n<hr class=\"wp-block-separator has-alpha-channel-opacity\"\/>\n\n\n\n<div style=\"height:100px\" aria-hidden=\"true\" class=\"wp-block-spacer\"><\/div>\n\n\n\n<p class=\"has-medium-font-size\"><strong>&#8220;Industria de Productos L\u00e1cteos y Derivados&#8221;<\/strong><\/p>\n\n\n\n<p class=\"has-medium-font-size\"><strong>F\u00e1brica de Software ABAP y Servicios de Integraci\u00f3n (Process Orchestration).<\/strong><\/p>\n\n\n\n<div style=\"height:100px\" aria-hidden=\"true\" class=\"wp-block-spacer\"><\/div>\n\n\n\n<div class=\"wp-block-cover aligncenter\"><span aria-hidden=\"true\" class=\"wp-block-cover__background has-background-dim\"><\/span><img decoding=\"async\" width=\"1020\" height=\"681\" class=\"wp-block-cover__image-background wp-image-656\" alt=\"\" src=\"https:\/\/idsmovil.com.mx\/wp-content\/uploads\/2024\/10\/Leche.png\" data-object-fit=\"cover\" srcset=\"https:\/\/idsmovil.com.mx\/wp-content\/uploads\/2024\/10\/Leche.png 1020w, https:\/\/idsmovil.com.mx\/wp-content\/uploads\/2024\/10\/Leche-200x134.png 200w\" sizes=\"(max-width: 1020px) 100vw, 1020px\" \/><div class=\"wp-block-cover__inner-container is-layout-flow wp-block-cover-is-layout-flow\">\n<p class=\"has-text-align-center has-large-font-size\"><\/p>\n<\/div><\/div>\n\n\n\n<div style=\"height:100px\" aria-hidden=\"true\" class=\"wp-block-spacer\"><\/div>\n\n\n\n<p><strong><em>Objetivo del Proyecto:<\/em><\/strong><\/p>\n\n\n\n<p>Brindar un servicio personalizado y acorde a los requerimientos del cliente, si bien el planteamiento principal es un esquema de Software Factory, el valor a\u00f1adido de IDS es un seguimiento puntual y de asesoramiento en cada uno de los temas a desarrollar.<\/p>\n\n\n\n<p>IDS proporcion\u00f3 una bolsa de horas por recurso y el cliente decidi\u00f3 de acuerdo a su planeaci\u00f3n como los utilizaba, atendiendo temas en las distintas \u00e1reas de SAP como HCM, MDG, ECC y C4C.<\/p>\n\n\n\n<p><strong><em>ABAP<br>SAP ECC<\/em><br><\/strong>Servicios de Desarrollo de Programas, Transacciones e Interfaces.<\/p>\n\n\n\n<p><strong><em>ABAP MDG<\/em><\/strong><\/p>\n\n\n\n<p>Desarrollo de Interfaces WEB UI, Adaptaciones BRF+, Objetos Workflow.<\/p>\n\n\n\n<p><strong><em>SAP PI<\/em><\/strong><\/p>\n\n\n\n<p>Mantenimiento y desarrollo de Interfaces para comunicaci\u00f3n con sistemas externos ( Legados, SAP C4C, SAP Marketing Cloud).<\/p>\n\n\n\n<p><strong><em>SAP CPI<\/em><\/strong><\/p>\n\n\n\n<p>Mantenimiento y desarrollo de Interfaces en el sistema Cloud.<\/p>\n\n\n\n<p><strong><em>Servicios implementados:<\/em><\/strong><\/p>\n\n\n\n<p>-Orquestaci\u00f3n de procesos de Integraci\u00f3n. <\/p>\n\n\n\n<p>-Desarrollo de Software.<\/p>\n\n\n\n<div style=\"height:100px\" aria-hidden=\"true\" class=\"wp-block-spacer\"><\/div>\n\n\n\n<hr class=\"wp-block-separator has-alpha-channel-opacity\"\/>\n\n\n\n<div style=\"height:100px\" aria-hidden=\"true\" class=\"wp-block-spacer\"><\/div>\n\n\n\n<p class=\"has-medium-font-size\"><strong>&#8220;Industria de Productos L\u00e1cteos y Derivados&#8221;&nbsp;<\/strong><\/p>\n\n\n\n<p class=\"has-medium-font-size\"><strong>Implementaci\u00f3n de M\u00f3dulo de Servicios y <\/strong> <strong>optimizaci\u00f3n de<\/strong> <strong>soluciones en SAP C4C.<\/strong><\/p>\n\n\n\n<div style=\"height:100px\" aria-hidden=\"true\" class=\"wp-block-spacer\"><\/div>\n\n\n\n<div class=\"wp-block-cover aligncenter\"><span aria-hidden=\"true\" class=\"wp-block-cover__background has-background-dim\"><\/span><img decoding=\"async\" width=\"1024\" height=\"1024\" class=\"wp-block-cover__image-background wp-image-658\" alt=\"\" src=\"https:\/\/idsmovil.com.mx\/wp-content\/uploads\/2024\/10\/AAAAAAAAAB-1024x1024.png\" data-object-fit=\"cover\" srcset=\"https:\/\/idsmovil.com.mx\/wp-content\/uploads\/2024\/10\/AAAAAAAAAB-1024x1024.png 1024w, https:\/\/idsmovil.com.mx\/wp-content\/uploads\/2024\/10\/AAAAAAAAAB-300x300.png 300w, https:\/\/idsmovil.com.mx\/wp-content\/uploads\/2024\/10\/AAAAAAAAAB-150x150.png 150w, https:\/\/idsmovil.com.mx\/wp-content\/uploads\/2024\/10\/AAAAAAAAAB-768x768.png 768w\" sizes=\"(max-width: 1024px) 100vw, 1024px\" \/><div class=\"wp-block-cover__inner-container is-layout-flow wp-block-cover-is-layout-flow\">\n<p class=\"has-text-align-center has-large-font-size\"><\/p>\n<\/div><\/div>\n\n\n\n<div style=\"height:0px\" aria-hidden=\"true\" class=\"wp-block-spacer\"><\/div>\n\n\n\n<div style=\"height:100px\" aria-hidden=\"true\" class=\"wp-block-spacer\"><\/div>\n\n\n\n<p><strong><em>Objetivo del Proyecto:<\/em><\/strong><\/p>\n\n\n\n<p>Optimizar e implementar nuevas funcionalidades en la nube de servicios de SAP C4C, con una plataforma reci\u00e9n instalada, el cliente solicit\u00f3 a IDS la asesor\u00eda para explotar de una mejor manera la potencialidad de sus soluciones adquiridas.<\/p>\n\n\n\n<p>Por otra parte, se implement\u00f3 el m\u00f3dulo de Servicios para la atenci\u00f3n de necesidades de mantenimiento de equipos, adem\u00e1s de dise\u00f1ar y desarrollar las interfaces para sistemas m\u00f3viles.<\/p>\n\n\n\n<p><strong><em>SAP C4C<\/em><\/strong><\/p>\n\n\n\n<p>Consultor\u00eda funcional, asesor\u00eda y capacitaci\u00f3n.<\/p>\n\n\n\n<p><strong><em>Desarrollo<\/em><\/strong><\/p>\n\n\n\n<p>Mantenimiento e implementaci\u00f3n de soluciones para extensiones y adaptaciones del cliente en la plataforma de SAP C4C.<\/p>\n\n\n\n<p><strong><em>Servicios implementados:<\/em><\/strong><\/p>\n\n\n\n<p>-Consultor\u00eda funcional.<\/p>\n\n\n\n<p>-Desarrollo de Software.<\/p>\n\n\n\n<div style=\"height:100px\" aria-hidden=\"true\" class=\"wp-block-spacer\"><\/div>\n\n\n\n<hr class=\"wp-block-separator has-alpha-channel-opacity\"\/>\n\n\n\n<div style=\"height:100px\" aria-hidden=\"true\" class=\"wp-block-spacer\"><\/div>\n\n\n\n<p class=\"has-medium-font-size\"><strong>&#8220;Industria de Productos L\u00e1cteos y<\/strong> <strong>Derivados&#8221;<\/strong><\/p>\n\n\n\n<p class=\"has-medium-font-size\"><strong><br>Implementaci\u00f3n de SAP Commerce Cloud (CCv2).<\/strong><\/p>\n\n\n\n<div style=\"height:100px\" aria-hidden=\"true\" class=\"wp-block-spacer\"><\/div>\n\n\n\n<div class=\"wp-block-cover aligncenter is-light\"><span aria-hidden=\"true\" class=\"wp-block-cover__background has-background-dim\" style=\"background-color:#FFF\"><\/span><img loading=\"lazy\" decoding=\"async\" width=\"2530\" height=\"1687\" class=\"wp-block-cover__image-background wp-image-660\" alt=\"\" src=\"http:\/\/idsmovil.com.mx\/wp-content\/uploads\/2024\/10\/BBBBBA.png\" data-object-fit=\"cover\" srcset=\"https:\/\/idsmovil.com.mx\/wp-content\/uploads\/2024\/10\/BBBBBA.png 2530w, https:\/\/idsmovil.com.mx\/wp-content\/uploads\/2024\/10\/BBBBBA-1536x1024.png 1536w, https:\/\/idsmovil.com.mx\/wp-content\/uploads\/2024\/10\/BBBBBA-2048x1366.png 2048w, https:\/\/idsmovil.com.mx\/wp-content\/uploads\/2024\/10\/BBBBBA-200x133.png 200w, https:\/\/idsmovil.com.mx\/wp-content\/uploads\/2024\/10\/BBBBBA-1024x683.png 1024w, https:\/\/idsmovil.com.mx\/wp-content\/uploads\/2024\/10\/BBBBBA-1620x1080.png 1620w\" sizes=\"(max-width: 2530px) 100vw, 2530px\" \/><div class=\"wp-block-cover__inner-container is-layout-flow wp-block-cover-is-layout-flow\">\n<p class=\"has-text-align-center has-large-font-size\"><\/p>\n<\/div><\/div>\n\n\n\n<div style=\"height:100px\" aria-hidden=\"true\" class=\"wp-block-spacer\"><\/div>\n\n\n\n<p><strong><em>Objetivo del Proyecto:<\/em><\/strong><\/p>\n\n\n\n<p>Implementar la plataforma de SAP CCv2 de acuerdo a los requerimientos espec\u00edficos de cliente. <\/p>\n\n\n\n<p>Creaci\u00f3n de Sitio Base, Cat\u00e1logos de Productos, Administraci\u00f3n de precios, stocks y centros de costo para una soluci\u00f3n tipo B2B (Business-to-Business).<\/p>\n\n\n\n<p>Sincronozaci\u00f3n completa con los sistemas log\u00edsticos y de ventas como el ERP de SAP y los propios del Cliente, as\u00ed como asesor\u00edas de dise\u00f1o, capacitaci\u00f3n y seguridad en los mecanismos de transmisi\u00f3n de datos.<\/p>\n\n\n\n<p><strong><em>Consultoria SAP CCv2<\/em><\/strong><\/p>\n\n\n\n<p>Dise\u00f1o e implementaci\u00f3n de la soluci\u00f3n funcional para el portal de E-Commerce.<\/p>\n\n\n\n<p><strong><em>Consultor\u00eda de desarrollo<\/em><\/strong><\/p>\n\n\n\n<p>Adaptaciones de cliente para objetos de JAVA, JavaScript y plataformas propias de SAP CCv2.<\/p>\n\n\n\n<p><strong><em>ABAP\/SAP PI\/SAP CPI<\/em><\/strong><\/p>\n\n\n\n<p>Creaci\u00f3n de interfaces para el env\u00edo bidireccional de Clientes, Materiales y Pedidos para su tratamiento posterior en el ERP SAP ECC y el sistema.<\/p>\n\n\n\n<p>DSD propio de la empresa.<\/p>\n\n\n\n<p><strong><em>Servicios implementados:<\/em><\/strong><\/p>\n\n\n\n<p>-Consultor\u00eda SAP CCv2. -Software Factory JAVA, JS.<\/p>\n\n\n\n<p>-Consultor\u00eda SAP ABAP, SAP PI, SAP CPI.<\/p>\n\n\n\n<div style=\"height:100px\" aria-hidden=\"true\" class=\"wp-block-spacer\"><\/div>\n\n\n\n<hr class=\"wp-block-separator has-alpha-channel-opacity\"\/>\n\n\n\n<div style=\"height:100px\" aria-hidden=\"true\" class=\"wp-block-spacer\"><\/div>\n\n\n\n<p class=\"has-medium-font-size\"><strong>&#8220;Empresa comercializadora, operativa y manufacturera&#8221; l\u00edder de Mercado<\/strong>.<\/p>\n\n\n\n<div style=\"height:100px\" aria-hidden=\"true\" class=\"wp-block-spacer\"><\/div>\n\n\n\n<p><strong><em>Problem\u00e1tica<\/em>:&nbsp;<\/strong>Contar con una herramienta que les ayudara a la toma de dicisiones para la estrategia de distribuci\u00f3n y visibilidad de inventarios \u00f3ptimos.<\/p>\n\n\n\n<p><strong><em>Soluci\u00f3n<\/em>:&nbsp;<\/strong>Derivado a que el cliente no contaba con APO, optamos por hacer una soluci\u00f3n ad-hoc a la necesidad del cliente, teniendo como entregable una herramienta capaz de hacer propuesta de surtimiento.<\/p>\n\n\n\n<p><strong><em>Beneficio<\/em>:&nbsp;<\/strong>Reducci\u00f3n de costos en la compra de hardware, costos de consultor\u00eda y entregables en corto plazo.<\/p>\n\n\n\n<p><strong><em>Logistica<\/em><\/strong><\/p>\n\n\n\n<p>An\u00e1lisis EWM, IT Mobile, CFDI transportes<\/p>\n\n\n\n<p><strong><em>Business Intelligence<\/em><\/strong><\/p>\n\n\n\n<p>Indicadores logisticos<\/p>\n\n\n\n<p><strong><em>Desarrollo Front END<\/em><\/strong><\/p>\n\n\n\n<p>HTML 5, Hojas de estilo CS3<\/p>\n\n\n\n<p><strong><em>Desarrollo Back END<\/em><\/strong><\/p>\n\n\n\n<p>.NET, SQL, Uso de ORM<\/p>\n\n\n\n<p><strong><em>Servicios Implementados<\/em><\/strong><\/p>\n\n\n\n<p>-Staffing <\/p>\n\n\n\n<p>-Proyecto<\/p>\n\n\n\n<div style=\"height:100px\" aria-hidden=\"true\" class=\"wp-block-spacer\"><\/div>\n\n\n<div class=\"is-default-size aligncenter wp-block-site-logo\"><a href=\"https:\/\/idsmovil.com.mx\/\" class=\"custom-logo-link\" rel=\"home\"><img loading=\"lazy\" decoding=\"async\" width=\"559\" height=\"216\" src=\"https:\/\/idsmovil.com.mx\/wp-content\/uploads\/2024\/10\/cropped-cropped-LOGO_SITIO-IDS_2.png\" class=\"custom-logo\" alt=\"idsmovil.com.mx\" srcset=\"https:\/\/idsmovil.com.mx\/wp-content\/uploads\/2024\/10\/cropped-cropped-LOGO_SITIO-IDS_2.png 559w, https:\/\/idsmovil.com.mx\/wp-content\/uploads\/2024\/10\/cropped-cropped-LOGO_SITIO-IDS_2-200x77.png 200w\" sizes=\"(max-width: 559px) 100vw, 559px\" \/><\/a><\/div>","protected":false},"excerpt":{"rendered":"<p>&#8220;Industria de Productos L\u00e1cteos y Derivados&#8221; Migraci\u00f3n de estrategias comerciales a SAP Master Data Governance. Objetivo del Proyecto: Crear una soluci\u00f3n eficiente y robusta para la administraci\u00f3n de los datos de estrategias comerciales y de marketing, migrando el modelo de Pir\u00e1mides de Precios, Descuentos y Promociones que se hab\u00eda implementado anteriormente en su sistema ERP&hellip; <br \/> <a class=\"read-more\" href=\"https:\/\/idsmovil.com.mx\/?page_id=649\">Read more<\/a><\/p>\n","protected":false},"author":2,"featured_media":0,"parent":0,"menu_order":0,"comment_status":"closed","ping_status":"closed","template":"","meta":{"footnotes":""},"class_list":["post-649","page","type-page","status-publish","hentry"],"_links":{"self":[{"href":"https:\/\/idsmovil.com.mx\/index.php?rest_route=\/wp\/v2\/pages\/649","targetHints":{"allow":["GET"]}}],"collection":[{"href":"https:\/\/idsmovil.com.mx\/index.php?rest_route=\/wp\/v2\/pages"}],"about":[{"href":"https:\/\/idsmovil.com.mx\/index.php?rest_route=\/wp\/v2\/types\/page"}],"author":[{"embeddable":true,"href":"https:\/\/idsmovil.com.mx\/index.php?rest_route=\/wp\/v2\/users\/2"}],"replies":[{"embeddable":true,"href":"https:\/\/idsmovil.com.mx\/index.php?rest_route=%2Fwp%2Fv2%2Fcomments&post=649"}],"version-history":[{"count":11,"href":"https:\/\/idsmovil.com.mx\/index.php?rest_route=\/wp\/v2\/pages\/649\/revisions"}],"predecessor-version":[{"id":670,"href":"https:\/\/idsmovil.com.mx\/index.php?rest_route=\/wp\/v2\/pages\/649\/revisions\/670"}],"wp:attachment":[{"href":"https:\/\/idsmovil.com.mx\/index.php?rest_route=%2Fwp%2Fv2%2Fmedia&parent=649"}],"curies":[{"name":"wp","href":"https:\/\/api.w.org\/{rel}","templated":true}]}}