{"id":622,"date":"2024-10-17T18:44:15","date_gmt":"2024-10-17T18:44:15","guid":{"rendered":"https:\/\/idsmovil.com.mx\/?page_id=622"},"modified":"2024-10-22T22:27:39","modified_gmt":"2024-10-22T22:27:39","slug":"bi","status":"publish","type":"page","link":"https:\/\/idsmovil.com.mx\/?page_id=622","title":{"rendered":"BI"},"content":{"rendered":"\n<h1 class=\"wp-block-heading\">BUSINESS INTELLIGENCE<\/h1>\n\n\n\n<div style=\"height:100px\" aria-hidden=\"true\" class=\"wp-block-spacer\"><\/div>\n\n\n\n<div class=\"wp-block-cover aligncenter\"><span aria-hidden=\"true\" class=\"wp-block-cover__background has-background-dim\"><\/span><img fetchpriority=\"high\" decoding=\"async\" width=\"1024\" height=\"1024\" class=\"wp-block-cover__image-background wp-image-395\" alt=\"\" src=\"http:\/\/idsmovil.com.mx\/wp-content\/uploads\/2024\/10\/4-1-1024x1024.png\" data-object-fit=\"cover\" srcset=\"https:\/\/idsmovil.com.mx\/wp-content\/uploads\/2024\/10\/4-1-1024x1024.png 1024w, https:\/\/idsmovil.com.mx\/wp-content\/uploads\/2024\/10\/4-1-300x300.png 300w, https:\/\/idsmovil.com.mx\/wp-content\/uploads\/2024\/10\/4-1-150x150.png 150w, https:\/\/idsmovil.com.mx\/wp-content\/uploads\/2024\/10\/4-1-768x768.png 768w\" sizes=\"(max-width: 1024px) 100vw, 1024px\" \/><div class=\"wp-block-cover__inner-container is-layout-flow wp-block-cover-is-layout-flow\">\n<p class=\"has-text-align-center has-large-font-size\"><\/p>\n<\/div><\/div>\n\n\n\n<div style=\"height:100px\" aria-hidden=\"true\" class=\"wp-block-spacer\"><\/div>\n\n\n\n<p class=\"has-medium-font-size\"><strong>\u00bfPor qu\u00e9 la plataforma de SAP Business Objects BI?<\/strong><\/p>\n\n\n\n<div style=\"height:100px\" aria-hidden=\"true\" class=\"wp-block-spacer\"><\/div>\n\n\n\n<p>Porque el software de BI le permite poner informaci\u00f3n lista para la toma de decisiones al alcance de los usuarios de negocio. Con nuestra plataforma de anal\u00edticas, puede aumentar la capacidad de respuesta, reducir costos y la carga de trabajo de TI e impulsar una mejor toma de decisiones en toda su organizaci\u00f3n.<\/p>\n\n\n\n<p>\u00b7 Obtenga business intelligence en tiempo real a partir de cualquier dato.<\/p>\n\n\n\n<p>\u00b7 Aumente la autonom\u00eda de los usuarios exponiendo datos en t\u00e9rminos de negocio claros.<\/p>\n\n\n\n<p>\u00b7 Haga el uso de la informaci\u00f3n simple, personalizado y din\u00e1mico.<\/p>\n\n\n\n<p>\u00b7 Benef\u00edciese de una infraestructura de informaci\u00f3n flexible y escalable.<\/p>\n\n\n\n<p>\u00b7 Proceso interactivo para&nbsp;<strong>explorar y analizar&nbsp;<\/strong>informaci\u00f3n estructurada para&nbsp;<strong>descubrir tendencias o patrones<\/strong>, a partir de los cuales derivar ideas y extraer conclusiones.<\/p>\n\n\n\n<p>El proceso Business Intelligence incluye la comunicaci\u00f3n de los descubrimientos y efectuar los cambios.<\/p>\n\n\n\n<div style=\"height:100px\" aria-hidden=\"true\" class=\"wp-block-spacer\"><\/div>\n\n\n\n<p><strong><em>Accesible<\/em><\/strong><\/p>\n\n\n\n<p>Desde diferentes fuentes de datos.<\/p>\n\n\n\n<p><strong><em>Responsiva<\/em><\/strong><\/p>\n\n\n\n<p>Acceso a cualquier navegador y cualquier dispositivo.\u00e7<\/p>\n\n\n\n<p><strong><em>Segura<\/em><\/strong><\/p>\n\n\n\n<p>Al brindar diferentes perfiles de usuario.<\/p>\n\n\n\n<p><strong><em>Tiempo real<\/em><\/strong><\/p>\n\n\n\n<p>Informaci\u00f3n al instante.<\/p>\n\n\n\n<p><strong><em>Adaptable<\/em><\/strong><\/p>\n\n\n\n<p>A cualquier sistema integral.<\/p>\n\n\n\n<div style=\"height:100px\" aria-hidden=\"true\" class=\"wp-block-spacer\"><\/div>\n\n\n\n<p class=\"has-medium-font-size\"><strong>\u00bfQue debe evolucionar para innovar?<\/strong><\/p>\n\n\n\n<div style=\"height:100px\" aria-hidden=\"true\" class=\"wp-block-spacer\"><\/div>\n\n\n\n<ul class=\"wp-block-list\">\n<li>Base de Datos.<\/li>\n\n\n\n<li>An\u00e1lisis.<\/li>\n\n\n\n<li>Indicadores.<\/li>\n\n\n\n<li>Dashboards.<\/li>\n\n\n\n<li>Predictivo.<\/li>\n<\/ul>\n\n\n\n<div style=\"height:100px\" aria-hidden=\"true\" class=\"wp-block-spacer\"><\/div>\n\n\n\n<div class=\"wp-block-cover aligncenter\"><span aria-hidden=\"true\" class=\"wp-block-cover__background has-background-dim\"><\/span><img decoding=\"async\" width=\"1024\" height=\"1024\" class=\"wp-block-cover__image-background wp-image-392\" alt=\"\" src=\"http:\/\/idsmovil.com.mx\/wp-content\/uploads\/2024\/10\/cropped-3-1024x1024.png\" style=\"object-position:46% 21%\" data-object-fit=\"cover\" data-object-position=\"46% 21%\" srcset=\"https:\/\/idsmovil.com.mx\/wp-content\/uploads\/2024\/10\/cropped-3-1024x1024.png 1024w, https:\/\/idsmovil.com.mx\/wp-content\/uploads\/2024\/10\/cropped-3-300x300.png 300w, https:\/\/idsmovil.com.mx\/wp-content\/uploads\/2024\/10\/cropped-3-150x150.png 150w, https:\/\/idsmovil.com.mx\/wp-content\/uploads\/2024\/10\/cropped-3-768x768.png 768w\" sizes=\"(max-width: 1024px) 100vw, 1024px\" \/><div class=\"wp-block-cover__inner-container is-layout-flow wp-block-cover-is-layout-flow\">\n<p class=\"has-text-align-center has-large-font-size\"><\/p>\n<\/div><\/div>\n\n\n\n<div style=\"height:100px\" aria-hidden=\"true\" class=\"wp-block-spacer\"><\/div>\n\n\n<div class=\"is-default-size aligncenter wp-block-site-logo\"><a href=\"https:\/\/idsmovil.com.mx\/\" class=\"custom-logo-link\" rel=\"home\"><img decoding=\"async\" width=\"559\" height=\"216\" src=\"https:\/\/idsmovil.com.mx\/wp-content\/uploads\/2024\/10\/cropped-cropped-LOGO_SITIO-IDS_2.png\" class=\"custom-logo\" alt=\"idsmovil.com.mx\" srcset=\"https:\/\/idsmovil.com.mx\/wp-content\/uploads\/2024\/10\/cropped-cropped-LOGO_SITIO-IDS_2.png 559w, https:\/\/idsmovil.com.mx\/wp-content\/uploads\/2024\/10\/cropped-cropped-LOGO_SITIO-IDS_2-200x77.png 200w\" sizes=\"(max-width: 559px) 100vw, 559px\" \/><\/a><\/div>\n\n\n<p><\/p>\n","protected":false},"excerpt":{"rendered":"<p>BUSINESS INTELLIGENCE \u00bfPor qu\u00e9 la plataforma de SAP Business Objects BI? Porque el software de BI le permite poner informaci\u00f3n lista para la toma de decisiones al alcance de los usuarios de negocio. Con nuestra plataforma de anal\u00edticas, puede aumentar la capacidad de respuesta, reducir costos y la carga de trabajo de TI e impulsar&hellip; <br \/> <a class=\"read-more\" href=\"https:\/\/idsmovil.com.mx\/?page_id=622\">Read more<\/a><\/p>\n","protected":false},"author":2,"featured_media":0,"parent":0,"menu_order":0,"comment_status":"closed","ping_status":"closed","template":"","meta":{"footnotes":""},"class_list":["post-622","page","type-page","status-publish","hentry"],"_links":{"self":[{"href":"https:\/\/idsmovil.com.mx\/index.php?rest_route=\/wp\/v2\/pages\/622","targetHints":{"allow":["GET"]}}],"collection":[{"href":"https:\/\/idsmovil.com.mx\/index.php?rest_route=\/wp\/v2\/pages"}],"about":[{"href":"https:\/\/idsmovil.com.mx\/index.php?rest_route=\/wp\/v2\/types\/page"}],"author":[{"embeddable":true,"href":"https:\/\/idsmovil.com.mx\/index.php?rest_route=\/wp\/v2\/users\/2"}],"replies":[{"embeddable":true,"href":"https:\/\/idsmovil.com.mx\/index.php?rest_route=%2Fwp%2Fv2%2Fcomments&post=622"}],"version-history":[{"count":7,"href":"https:\/\/idsmovil.com.mx\/index.php?rest_route=\/wp\/v2\/pages\/622\/revisions"}],"predecessor-version":[{"id":756,"href":"https:\/\/idsmovil.com.mx\/index.php?rest_route=\/wp\/v2\/pages\/622\/revisions\/756"}],"wp:attachment":[{"href":"https:\/\/idsmovil.com.mx\/index.php?rest_route=%2Fwp%2Fv2%2Fmedia&parent=622"}],"curies":[{"name":"wp","href":"https:\/\/api.w.org\/{rel}","templated":true}]}}