{"id":509,"date":"2024-10-16T20:30:02","date_gmt":"2024-10-16T20:30:02","guid":{"rendered":"https:\/\/idsmovil.com.mx\/?page_id=509"},"modified":"2024-10-16T20:31:07","modified_gmt":"2024-10-16T20:31:07","slug":"industria-de-bebidas-y-jugos-lider-de-mercado","status":"publish","type":"page","link":"https:\/\/idsmovil.com.mx\/?page_id=509","title":{"rendered":"\u201dIndustria de Bebidas y Jugos&#8221; l\u00edder de Mercado."},"content":{"rendered":"\n<div class=\"wp-block-cover aligncenter\"><span aria-hidden=\"true\" class=\"wp-block-cover__background has-background-dim\"><\/span><img fetchpriority=\"high\" decoding=\"async\" width=\"1020\" height=\"681\" class=\"wp-block-cover__image-background wp-image-510\" alt=\"\" src=\"https:\/\/idsmovil.com.mx\/wp-content\/uploads\/2024\/10\/COCA-1.jpg\" data-object-fit=\"cover\" srcset=\"https:\/\/idsmovil.com.mx\/wp-content\/uploads\/2024\/10\/COCA-1.jpg 1020w, https:\/\/idsmovil.com.mx\/wp-content\/uploads\/2024\/10\/COCA-1-200x134.jpg 200w\" sizes=\"(max-width: 1020px) 100vw, 1020px\" \/><div class=\"wp-block-cover__inner-container is-layout-flow wp-block-cover-is-layout-flow\">\n<p class=\"has-text-align-center has-large-font-size\"><\/p>\n<\/div><\/div>\n\n\n\n<div style=\"height:100px\" aria-hidden=\"true\" class=\"wp-block-spacer\"><\/div>\n\n\n\n<p><strong><em>Problem\u00e1tica:<\/em><\/strong> Contar con un proveedor estrat\u00e9gico para el acompa\u00f1amiento en la implementaci\u00f3n de todos los requerimientos operativos.<\/p>\n\n\n\n<p><strong><em>Soluci\u00f3n IDS:<\/em><\/strong> Hemos provisto a lo largo de 17 a\u00f1os diversos servicios del portafolio en diversas tecnolog\u00edas (Ej. SAP, .NET, JAVA, entre otros).<\/p>\n\n\n\n<p><strong><em>Beneficio: <\/em><\/strong>Reducci\u00f3n de costos de consultor\u00eda, conocimiento de la industria de bebidas.<\/p>\n\n\n\n<p><strong><em>Warehouse\/Logistica.<\/em><\/strong><\/p>\n\n\n\n<p>Implementado WMS, Implementado EWM, IT Mobile, Gastos de transporte.<\/p>\n\n\n\n<p><strong><em>Comercial.<\/em><\/strong><\/p>\n\n\n\n<p>Integraci\u00f3n Campa\u00f1as de MKT.<\/p>\n\n\n\n<p><strong><em>Compras.<\/em><\/strong><\/p>\n\n\n\n<p>Implementaci\u00f3n Ariba.<\/p>\n\n\n\n<p><strong><em>Finanzas.<\/em><\/strong><\/p>\n\n\n\n<p>Estrategias financieras nuevas sociedades.<\/p>\n\n\n\n<p><strong><em>Business Intelligence.<\/em><\/strong><\/p>\n\n\n\n<p>Indicadores en toda la cadena de valor.<\/p>\n\n\n\n<p><strong><em>Servicios Implementados.<\/em><\/strong><\/p>\n\n\n\n<p>-Staffing. -Proyecto.<\/p>\n\n\n\n<div style=\"height:100px\" aria-hidden=\"true\" class=\"wp-block-spacer\"><\/div>\n\n\n<div class=\"is-default-size aligncenter wp-block-site-logo\"><a href=\"https:\/\/idsmovil.com.mx\/\" class=\"custom-logo-link\" rel=\"home\"><img decoding=\"async\" width=\"559\" height=\"216\" src=\"https:\/\/idsmovil.com.mx\/wp-content\/uploads\/2024\/10\/cropped-cropped-LOGO_SITIO-IDS_2.png\" class=\"custom-logo\" alt=\"idsmovil.com.mx\" srcset=\"https:\/\/idsmovil.com.mx\/wp-content\/uploads\/2024\/10\/cropped-cropped-LOGO_SITIO-IDS_2.png 559w, https:\/\/idsmovil.com.mx\/wp-content\/uploads\/2024\/10\/cropped-cropped-LOGO_SITIO-IDS_2-200x77.png 200w\" sizes=\"(max-width: 559px) 100vw, 559px\" \/><\/a><\/div>","protected":false},"excerpt":{"rendered":"<p>Problem\u00e1tica: Contar con un proveedor estrat\u00e9gico para el acompa\u00f1amiento en la implementaci\u00f3n de todos los requerimientos operativos. Soluci\u00f3n IDS: Hemos provisto a lo largo de 17 a\u00f1os diversos servicios del portafolio en diversas tecnolog\u00edas (Ej. SAP, .NET, JAVA, entre otros). Beneficio: Reducci\u00f3n de costos de consultor\u00eda, conocimiento de la industria de bebidas. Warehouse\/Logistica. Implementado WMS,&hellip; <br \/> <a class=\"read-more\" href=\"https:\/\/idsmovil.com.mx\/?page_id=509\">Read more<\/a><\/p>\n","protected":false},"author":2,"featured_media":0,"parent":0,"menu_order":0,"comment_status":"closed","ping_status":"closed","template":"","meta":{"footnotes":""},"class_list":["post-509","page","type-page","status-publish","hentry"],"_links":{"self":[{"href":"https:\/\/idsmovil.com.mx\/index.php?rest_route=\/wp\/v2\/pages\/509","targetHints":{"allow":["GET"]}}],"collection":[{"href":"https:\/\/idsmovil.com.mx\/index.php?rest_route=\/wp\/v2\/pages"}],"about":[{"href":"https:\/\/idsmovil.com.mx\/index.php?rest_route=\/wp\/v2\/types\/page"}],"author":[{"embeddable":true,"href":"https:\/\/idsmovil.com.mx\/index.php?rest_route=\/wp\/v2\/users\/2"}],"replies":[{"embeddable":true,"href":"https:\/\/idsmovil.com.mx\/index.php?rest_route=%2Fwp%2Fv2%2Fcomments&post=509"}],"version-history":[{"count":2,"href":"https:\/\/idsmovil.com.mx\/index.php?rest_route=\/wp\/v2\/pages\/509\/revisions"}],"predecessor-version":[{"id":514,"href":"https:\/\/idsmovil.com.mx\/index.php?rest_route=\/wp\/v2\/pages\/509\/revisions\/514"}],"wp:attachment":[{"href":"https:\/\/idsmovil.com.mx\/index.php?rest_route=%2Fwp%2Fv2%2Fmedia&parent=509"}],"curies":[{"name":"wp","href":"https:\/\/api.w.org\/{rel}","templated":true}]}}