{"id":499,"date":"2024-10-16T20:06:43","date_gmt":"2024-10-16T20:06:43","guid":{"rendered":"https:\/\/idsmovil.com.mx\/?page_id=499"},"modified":"2024-10-16T20:07:40","modified_gmt":"2024-10-16T20:07:40","slug":"capacitacion","status":"publish","type":"page","link":"https:\/\/idsmovil.com.mx\/?page_id=499","title":{"rendered":"CAPACITACI\u00d3N"},"content":{"rendered":"\n<p>Nuestra oferta otorga valor a nuestros clientes, ya que genera el desarrollo de su talento, mejorando el desempe\u00f1o, apoyando procesos de crecimiento, procesos de operaci\u00f3n y calidad, manteniendo la correcta utilizaci\u00f3n de sistemas, difundiendo y asegurando el entendimiento de la cultura organizacional.<\/p>\n\n\n\n<div style=\"height:100px\" aria-hidden=\"true\" class=\"wp-block-spacer\"><\/div>\n\n\n\n<div class=\"wp-block-cover aligncenter\"><span aria-hidden=\"true\" class=\"wp-block-cover__background has-background-dim\"><\/span><img fetchpriority=\"high\" decoding=\"async\" width=\"1024\" height=\"1024\" class=\"wp-block-cover__image-background wp-image-500\" alt=\"\" src=\"https:\/\/idsmovil.com.mx\/wp-content\/uploads\/2024\/10\/CAPACITACION-1024x1024.png\" style=\"object-position:55% 31%\" data-object-fit=\"cover\" data-object-position=\"55% 31%\" srcset=\"https:\/\/idsmovil.com.mx\/wp-content\/uploads\/2024\/10\/CAPACITACION-1024x1024.png 1024w, https:\/\/idsmovil.com.mx\/wp-content\/uploads\/2024\/10\/CAPACITACION-300x300.png 300w, https:\/\/idsmovil.com.mx\/wp-content\/uploads\/2024\/10\/CAPACITACION-150x150.png 150w, https:\/\/idsmovil.com.mx\/wp-content\/uploads\/2024\/10\/CAPACITACION-768x768.png 768w\" sizes=\"(max-width: 1024px) 100vw, 1024px\" \/><div class=\"wp-block-cover__inner-container is-layout-flow wp-block-cover-is-layout-flow\">\n<p class=\"has-text-align-center has-large-font-size\"><\/p>\n<\/div><\/div>\n\n\n\n<div style=\"height:100px\" aria-hidden=\"true\" class=\"wp-block-spacer\"><\/div>\n\n\n\n<p>Algunos de los cursos que hemos impartidos son especializados en SAP,<br>\u00e1reas FI, BO, BI, SD y herramientas como Mobile, Crystal Report; asi como Manejadores de base de datos como SQL server y Visual Basic.<\/p>\n\n\n\n<p><strong><em>Adem\u00e1s podemos ofrecerle estos cursos dise\u00f1ados a sus necesidades.<\/em><\/strong><\/p>\n\n\n\n<div style=\"height:100px\" aria-hidden=\"true\" class=\"wp-block-spacer\"><\/div>\n\n\n<div class=\"is-default-size aligncenter wp-block-site-logo\"><a href=\"https:\/\/idsmovil.com.mx\/\" class=\"custom-logo-link\" rel=\"home\"><img decoding=\"async\" width=\"559\" height=\"216\" src=\"https:\/\/idsmovil.com.mx\/wp-content\/uploads\/2024\/10\/cropped-cropped-LOGO_SITIO-IDS_2.png\" class=\"custom-logo\" alt=\"idsmovil.com.mx\" srcset=\"https:\/\/idsmovil.com.mx\/wp-content\/uploads\/2024\/10\/cropped-cropped-LOGO_SITIO-IDS_2.png 559w, https:\/\/idsmovil.com.mx\/wp-content\/uploads\/2024\/10\/cropped-cropped-LOGO_SITIO-IDS_2-200x77.png 200w\" sizes=\"(max-width: 559px) 100vw, 559px\" \/><\/a><\/div>","protected":false},"excerpt":{"rendered":"<p>Nuestra oferta otorga valor a nuestros clientes, ya que genera el desarrollo de su talento, mejorando el desempe\u00f1o, apoyando procesos de crecimiento, procesos de operaci\u00f3n y calidad, manteniendo la correcta utilizaci\u00f3n de sistemas, difundiendo y asegurando el entendimiento de la cultura organizacional. Algunos de los cursos que hemos impartidos son especializados en SAP,\u00e1reas FI, BO,&hellip; <br \/> <a class=\"read-more\" href=\"https:\/\/idsmovil.com.mx\/?page_id=499\">Read more<\/a><\/p>\n","protected":false},"author":2,"featured_media":0,"parent":0,"menu_order":0,"comment_status":"closed","ping_status":"closed","template":"","meta":{"footnotes":""},"class_list":["post-499","page","type-page","status-publish","hentry"],"_links":{"self":[{"href":"https:\/\/idsmovil.com.mx\/index.php?rest_route=\/wp\/v2\/pages\/499","targetHints":{"allow":["GET"]}}],"collection":[{"href":"https:\/\/idsmovil.com.mx\/index.php?rest_route=\/wp\/v2\/pages"}],"about":[{"href":"https:\/\/idsmovil.com.mx\/index.php?rest_route=\/wp\/v2\/types\/page"}],"author":[{"embeddable":true,"href":"https:\/\/idsmovil.com.mx\/index.php?rest_route=\/wp\/v2\/users\/2"}],"replies":[{"embeddable":true,"href":"https:\/\/idsmovil.com.mx\/index.php?rest_route=%2Fwp%2Fv2%2Fcomments&post=499"}],"version-history":[{"count":2,"href":"https:\/\/idsmovil.com.mx\/index.php?rest_route=\/wp\/v2\/pages\/499\/revisions"}],"predecessor-version":[{"id":503,"href":"https:\/\/idsmovil.com.mx\/index.php?rest_route=\/wp\/v2\/pages\/499\/revisions\/503"}],"wp:attachment":[{"href":"https:\/\/idsmovil.com.mx\/index.php?rest_route=%2Fwp%2Fv2%2Fmedia&parent=499"}],"curies":[{"name":"wp","href":"https:\/\/api.w.org\/{rel}","templated":true}]}}