{"id":476,"date":"2024-10-16T19:18:54","date_gmt":"2024-10-16T19:18:54","guid":{"rendered":"https:\/\/idsmovil.com.mx\/?page_id=476"},"modified":"2024-10-16T19:39:46","modified_gmt":"2024-10-16T19:39:46","slug":"consultoria-2","status":"publish","type":"page","link":"https:\/\/idsmovil.com.mx\/?page_id=476","title":{"rendered":"CONSULTOR\u00cdA"},"content":{"rendered":"\n<p>Los servicios de consultor\u00eda que ofrecemos a nuestros clientes comprenden diferentes \u00e1reas de <strong>Tecnolog\u00edas de la Informaci\u00f3n.<\/strong><\/p>\n\n\n\n<p>Revisamos con nuestros clientes las necesidades a corto, mediano y largo plazo. Evaluamos, elegimos, implementamos y colaboramos en la aplicaci\u00f3n de mejores pr\u00e1cticas de <strong>Inteligencia de negocios.<\/strong> Para crear un ambiente altamente eficiente.<\/p>\n\n\n\n<div style=\"height:100px\" aria-hidden=\"true\" class=\"wp-block-spacer\"><\/div>\n\n\n\n<div class=\"wp-block-cover aligncenter has-custom-content-position is-position-bottom-right\"><span aria-hidden=\"true\" class=\"wp-block-cover__background has-background-dim\"><\/span><img fetchpriority=\"high\" decoding=\"async\" width=\"1024\" height=\"1024\" class=\"wp-block-cover__image-background wp-image-477\" alt=\"\" src=\"https:\/\/idsmovil.com.mx\/wp-content\/uploads\/2024\/10\/CONSULTORIA-1024x1024.png\" style=\"object-position:57% 70%\" data-object-fit=\"cover\" data-object-position=\"57% 70%\" srcset=\"https:\/\/idsmovil.com.mx\/wp-content\/uploads\/2024\/10\/CONSULTORIA-1024x1024.png 1024w, https:\/\/idsmovil.com.mx\/wp-content\/uploads\/2024\/10\/CONSULTORIA-300x300.png 300w, https:\/\/idsmovil.com.mx\/wp-content\/uploads\/2024\/10\/CONSULTORIA-150x150.png 150w, https:\/\/idsmovil.com.mx\/wp-content\/uploads\/2024\/10\/CONSULTORIA-768x768.png 768w, https:\/\/idsmovil.com.mx\/wp-content\/uploads\/2024\/10\/elementor\/thumbs\/CONSULTORIA-qvnnt420ds1we3v4hr9ui7k3lrsra8nwasldk5luow.png 400w\" sizes=\"(max-width: 1024px) 100vw, 1024px\" \/><div class=\"wp-block-cover__inner-container is-layout-flow wp-block-cover-is-layout-flow\">\n<blockquote class=\"wp-block-quote is-layout-flow wp-block-quote-is-layout-flow\">\n<p class=\"has-text-align-center has-large-font-size\">Contamos con personal certificado, Junior y S\u00e9nior.<\/p>\n<\/blockquote>\n<\/div><\/div>\n\n\n\n<div style=\"height:100px\" aria-hidden=\"true\" class=\"wp-block-spacer\"><\/div>\n\n\n\n<p><br>El \u00e1rea de Consultor\u00eda <em><strong>cuenta con especialistas profesionales de IT, Desarrolladores, L\u00edderes y Gerentes de proyecto, calificados en diferentes m\u00f3dulos de SAP y Oracle.<\/strong><\/em> Contamos con personal certificado, Junior y S\u00e9nior.<\/p>\n\n\n\n<p><strong><em>Proveemos una amplia gama de servicios IT sobre varios tipos de sistemas como:<\/em><\/strong><\/p>\n\n\n\n<ul class=\"wp-block-list\">\n<li>ERP Enterprise Resource Plannin<\/li>\n\n\n\n<li>CRM Customer Relationship Management<\/li>\n\n\n\n<li>BI Business Intelligence<\/li>\n\n\n\n<li>E-business<\/li>\n\n\n\n<li>SAP Industry Solutions<\/li>\n\n\n\n<li>SAP Net weaver&nbsp;<\/li>\n<\/ul>\n\n\n\n<div style=\"height:100px\" aria-hidden=\"true\" class=\"wp-block-spacer\"><\/div>\n\n\n\n<div class=\"wp-block-cover aligncenter\"><span aria-hidden=\"true\" class=\"wp-block-cover__background has-background-dim\"><\/span><img decoding=\"async\" width=\"1024\" height=\"1024\" class=\"wp-block-cover__image-background wp-image-478\" alt=\"\" src=\"https:\/\/idsmovil.com.mx\/wp-content\/uploads\/2024\/10\/consultoria_2-1024x1024.png\" data-object-fit=\"cover\" srcset=\"https:\/\/idsmovil.com.mx\/wp-content\/uploads\/2024\/10\/consultoria_2-1024x1024.png 1024w, https:\/\/idsmovil.com.mx\/wp-content\/uploads\/2024\/10\/consultoria_2-300x300.png 300w, https:\/\/idsmovil.com.mx\/wp-content\/uploads\/2024\/10\/consultoria_2-150x150.png 150w, https:\/\/idsmovil.com.mx\/wp-content\/uploads\/2024\/10\/consultoria_2-768x768.png 768w\" sizes=\"(max-width: 1024px) 100vw, 1024px\" \/><div class=\"wp-block-cover__inner-container is-layout-flow wp-block-cover-is-layout-flow\">\n<p class=\"has-text-align-center has-large-font-size\"><\/p>\n<\/div><\/div>\n\n\n\n<div style=\"height:100px\" aria-hidden=\"true\" class=\"wp-block-spacer\"><\/div>\n\n\n\n<p><em><strong>Nuestros consultores apoyan a su organizaci\u00f3n en las siguientes especialidades:<\/strong><\/em><\/p>\n\n\n\n<ul class=\"wp-block-list\">\n<li>Consultores de los m\u00f3dulos SAP: PP, MM, WM, SD, QM<\/li>\n\n\n\n<li>Consultores de los m\u00f3dulos financieros: CO, TR, FM, GL, AP, AR, AM<\/li>\n\n\n\n<li>Consultores Bussines Inteligent: BO, BW<\/li>\n\n\n\n<li>Desarrolladores ABAP<\/li>\n\n\n\n<li>Desarrolladores en SQL, .Net, Java, Visual Basic, Access, Macromedia Flash<br>y AS400.&nbsp;<\/li>\n<\/ul>\n\n\n\n<p>Desarrollamos capital humano para cubrir sus necesidades en \u00e1reas administrativas. Podemos suministrar personal reci\u00e9n egresado o de mayor experiencia.<\/p>\n\n\n\n<div style=\"height:100px\" aria-hidden=\"true\" class=\"wp-block-spacer\"><\/div>\n\n\n<div class=\"is-default-size aligncenter wp-block-site-logo\"><a href=\"https:\/\/idsmovil.com.mx\/\" class=\"custom-logo-link\" rel=\"home\"><img decoding=\"async\" width=\"559\" height=\"216\" src=\"https:\/\/idsmovil.com.mx\/wp-content\/uploads\/2024\/10\/cropped-cropped-LOGO_SITIO-IDS_2.png\" class=\"custom-logo\" alt=\"idsmovil.com.mx\" srcset=\"https:\/\/idsmovil.com.mx\/wp-content\/uploads\/2024\/10\/cropped-cropped-LOGO_SITIO-IDS_2.png 559w, https:\/\/idsmovil.com.mx\/wp-content\/uploads\/2024\/10\/cropped-cropped-LOGO_SITIO-IDS_2-200x77.png 200w\" sizes=\"(max-width: 559px) 100vw, 559px\" \/><\/a><\/div>","protected":false},"excerpt":{"rendered":"<p>Los servicios de consultor\u00eda que ofrecemos a nuestros clientes comprenden diferentes \u00e1reas de Tecnolog\u00edas de la Informaci\u00f3n. Revisamos con nuestros clientes las necesidades a corto, mediano y largo plazo. Evaluamos, elegimos, implementamos y colaboramos en la aplicaci\u00f3n de mejores pr\u00e1cticas de Inteligencia de negocios. Para crear un ambiente altamente eficiente. El \u00e1rea de Consultor\u00eda cuenta&hellip; <br \/> <a class=\"read-more\" href=\"https:\/\/idsmovil.com.mx\/?page_id=476\">Read more<\/a><\/p>\n","protected":false},"author":2,"featured_media":0,"parent":0,"menu_order":0,"comment_status":"closed","ping_status":"closed","template":"","meta":{"footnotes":""},"class_list":["post-476","page","type-page","status-publish","hentry"],"_links":{"self":[{"href":"https:\/\/idsmovil.com.mx\/index.php?rest_route=\/wp\/v2\/pages\/476","targetHints":{"allow":["GET"]}}],"collection":[{"href":"https:\/\/idsmovil.com.mx\/index.php?rest_route=\/wp\/v2\/pages"}],"about":[{"href":"https:\/\/idsmovil.com.mx\/index.php?rest_route=\/wp\/v2\/types\/page"}],"author":[{"embeddable":true,"href":"https:\/\/idsmovil.com.mx\/index.php?rest_route=\/wp\/v2\/users\/2"}],"replies":[{"embeddable":true,"href":"https:\/\/idsmovil.com.mx\/index.php?rest_route=%2Fwp%2Fv2%2Fcomments&post=476"}],"version-history":[{"count":4,"href":"https:\/\/idsmovil.com.mx\/index.php?rest_route=\/wp\/v2\/pages\/476\/revisions"}],"predecessor-version":[{"id":490,"href":"https:\/\/idsmovil.com.mx\/index.php?rest_route=\/wp\/v2\/pages\/476\/revisions\/490"}],"wp:attachment":[{"href":"https:\/\/idsmovil.com.mx\/index.php?rest_route=%2Fwp%2Fv2%2Fmedia&parent=476"}],"curies":[{"name":"wp","href":"https:\/\/api.w.org\/{rel}","templated":true}]}}