{"id":355,"date":"2024-10-15T22:21:33","date_gmt":"2024-10-15T22:21:33","guid":{"rendered":"https:\/\/idsmovil.com.mx\/?page_id=355"},"modified":"2024-10-22T19:32:13","modified_gmt":"2024-10-22T19:32:13","slug":"mesmerize","status":"publish","type":"page","link":"https:\/\/idsmovil.com.mx\/","title":{"rendered":"HOME"},"content":{"rendered":"<div  id=\"valores\" style=\"background-color: #ffffff;\" data-label=\"VALORES\" data-id=\"overlappable-4\" data-export-id=\"overlappable-4\" data-category=\"overlappable\" class=\"overlappable-4 content-section content-section-spacing\" data-overlap=\"true\"><div  class=\"gridContainer\"> <div  data-type=\"row\" class=\"row spaced-cols text-center\"><div  class=\"col-xs-12 col-sm-4 col-padding\"> <a data-cp-link=\"1\" href=\"https:\/\/idsmovil.com.mx?page_id=445\" target=\"_self\" rel=\"noopener\"><i  class=\"fa icon shadow-large-black aligncenter color1 fa-globe reverse round large\"><\/i><\/a> <div  data-type=\"column\" class=\"\"> <h5  class=\"\">Historia<\/h5> <p  class=\"\">Inform\u00e1tica y Desarrollo en Sistemas es una empresa especializada en servicios de Consultor\u00eda en Tecnolog\u00edas de la Informaci\u00f3n y Negocios.&nbsp;Contamos con + 20 a\u00f1os de experiencia que respaldan\u2026<\/p><\/div> <\/div> <div  class=\"col-xs-12 col-sm-4 col-padding\"> <a data-cp-link=\"1\" href=\"https:\/\/idsmovil.com.mx?page_id=462\" target=\"_self\" rel=\"noopener\"><i  class=\"fa icon shadow-large-black aligncenter color1 fa-users reverse round large\"><\/i><\/a> <div  data-type=\"column\" class=\"\"><h5  class=\"\">Valores<\/h5> <p  class=\"\">Misi\u00f3n: Habilitar las m\u00e1s altas ventajas tecnol\u00f3gicas a las diversas soluciones de SAP para contribuir eficaz y eficientemente a la soluci\u00f3n de las necesidades y atenci\u00f3n de oportunidades de nuestros \u2026<\/p><\/div> <\/div> <div  class=\"col-xs-12 col-sm-4 col-padding\"> <a data-cp-link=\"1\" href=\"#conte-valor\" target=\"_self\" rel=\"noopener\"><i  class=\"fa icon shadow-large-black aligncenter color1 fa-handshake-o reverse round large\"><\/i><\/a> <div  data-type=\"column\" class=\"\"><h5  class=\"\">Propuesta de Valor<\/h5> <p  class=\"\">Experiencia probada en diferentes tecnolog\u00edas con diferentes industrias. Conocimiento e Implementaci\u00f3n, Desarrollo en las tendencias de TI Centro y Sudam\u00e9rica\u2026<\/p><\/div> <\/div><\/div> <\/div><\/div><div  id=\"quienes-somos\" style=\"background-color: #f5fafd;\" data-label=\"QUIENES SOMOS\" data-id=\"about-1\" data-export-id=\"about-1\" data-category=\"about\" class=\"about-1 content-section\"><div  class=\"gridContainer\"> <div  class=\"row text-center\"><div  class=\"section-title-col\" data-type=\"column\"> <h5  class=\"\">\u00bfQuienes somos?<\/h5> <h2  class=\"\">Somos una empresa de valor que te facilita la entrega de soluciones que involucren Software + Hardware + Servicios.<\/h2> <p  class=\"lead\">Contamos con &nbsp;+20 a\u00f1os de experiencia que respaldan nuestros servicios.<\/p><\/div> <\/div> <div  class=\"row\"> <div  class=\"button-holder space-bottom space-bottom-small\" data-type=\"column\"> <\/div> <div  class=\"col-xs bottom-xs flexbox image-group-bottom-3-img space-bottom-xs center-xs\"> <img  decoding=\"async\" class=\"left-img shadow-large-black\" data-size=\"500x300\" src=\"http:\/\/idsmovil.com.mx\/wp-content\/uploads\/2024\/10\/cropped-SOPORTE.png\" title=\"cropped-SOPORTE.png\" alt=\"\"> <img  decoding=\"async\" class=\"center-img shadow-large-black\" data-size=\"500x300\" src=\"http:\/\/idsmovil.com.mx\/wp-content\/uploads\/2024\/10\/cropped-6-scaled-1.jpg\" title=\"a\" alt=\"\"> <img  decoding=\"async\" class=\"right-img shadow-large-black\" data-size=\"500x300\" src=\"http:\/\/idsmovil.com.mx\/wp-content\/uploads\/2024\/10\/4.png\" title=\"2\" alt=\"\"><\/div> <\/div><\/div> <\/div><div  id=\"servicios-ids\" style=\"background-color: #ffffff;\" data-label=\"SERVICIOS IDS\" data-id=\"features-12-card-bordered\" data-export-id=\"features-12-card-bordered\" data-category=\"features\" class=\"features-12-card-bordered content-section content-section-spacing \"><div  class=\"gridContainer\"> <div  class=\"row text-center\"><div  class=\"section-title-col\" data-type=\"column\"> <h2  class=\"\">Servicios IDS<\/h2> <p  class=\"lead\">Revisamos con el cliente las necesidades a corto, mediano y largo plazo. Evaluamos, elegimos, implementamos y colaboramos en la aplicaci\u00f3n de mejores pr\u00e1cticas de Inteligencia de negocios. <\/p><\/div> <\/div> <div  class=\"row spaced-cols\" data-type=\"row\"> <div  class=\"col-sm-6\"> <div  class=\"card row-card bordered y-move\"> <div  class=\"row\"> <div  class=\"col-sm-fit icon-column\"> <a data-cp-link=\"1\" href=\"https:\/\/idsmovil.com.mx?page_id=476\" target=\"_self\" rel=\"noopener\"><i  class=\"fa icon color2 fa-line-chart bordered round\"><\/i><\/a> <\/div> <div  class=\"col-sm\" data-type=\"column\"> <h5  class=\"color2\">CONSULTOR\u00cdA<\/h5> <p  class=\"\">Los servicios de consultor\u00eda que le ofrecemos comprenden diferentes \u00e1reas de Tecnolog\u00edas de la Informaci\u00f3n.&nbsp;Revisamos las necesidades a corto, mediano y largo plazo\u2026<\/p><\/div> <\/div><\/div> <\/div> <div  class=\"col-sm-6\"> <div  class=\"card row-card bordered y-move\"> <div  class=\"row\"> <div  class=\"col-sm-fit icon-column\"> <a data-cp-link=\"1\" href=\"https:\/\/idsmovil.com.mx?page_id=485\" target=\"_self\" rel=\"noopener\"><i  class=\"fa icon color2 fa-id-badge bordered round\"><\/i><\/a> <\/div> <div  class=\"col-sm\" data-type=\"column\"> <h5  class=\"color2\">SOPORTE<\/h5> <p  class=\"\">En Inform\u00e1tica y Desarrollo en sistemas podemos colaborar con su organizaci\u00f3n para resolver problemas de sus equipos de trabajo, redes y servidores de la siguiente manera\u2026<\/p><\/div> <\/div><\/div> <\/div> <div  class=\"col-sm-6\"> <div  class=\"card row-card bordered y-move\"> <div  class=\"row\"> <div  class=\"col-sm-fit icon-column\"> <a data-cp-link=\"1\" href=\"https:\/\/idsmovil.com.mx?page_id=499\" target=\"_self\" rel=\"noopener\"><i  class=\"fa icon color2 fa-pencil-square bordered round\"><\/i><\/a> <\/div> <div  class=\"col-sm\" data-type=\"column\"> <h5  class=\"color2\">CAPACITACI\u00d3N<\/h5> <p  class=\"\">Nuestra oferta otorga valor a nuestros clientes, ya que genera el desarrollo de su talento, mejorando el desempe\u00f1o, apoyando procesos de crecimiento,&nbsp;procesos de operaci\u00f3n y\u2026<\/p><\/div> <\/div><\/div> <\/div> <div  class=\"col-sm-6\"> <div  class=\"card row-card bordered y-move\"> <div  class=\"row\"> <div  class=\"col-sm-fit icon-column\"> <a data-cp-link=\"1\" href=\"https:\/\/idsmovil.com.mx?page_id=493\" target=\"_self\" rel=\"noopener\"><i  class=\"fa icon color2 fa-group bordered round\"><\/i><\/a> <\/div> <div  class=\"col-sm\" data-type=\"column\"> <h5  class=\"color2\">STAFFING<\/h5> <p  class=\"\">Inform\u00e1tica y Desarrollo en Sistemas ofrece personal altamente calificado y especializado para solucionar cualquier requerimiento de consultor\u00eda en SAP. Nuestro servicio d\u2026<\/p><\/div> <\/div><\/div> <\/div><\/div> <\/div><\/div><div  id=\"portafolio\" style=\"background-color: #f5fafd;\" data-label=\"PORTAFOLIO\" data-id=\"content-2\" data-export-id=\"content-2\" data-category=\"content\" class=\"content-2 content-section content-section-spacing\"><div > <div  class=\"row middle-xs\"><div  class=\"col-sm-5 bg-image shadow-large-black\" data-bg=\"image\" style=\"background-image: url(&quot;http:\/\/idsmovil.com.mx\/wp-content\/uploads\/2024\/10\/cropped-3.png&quot;);\"><\/div> <div  class=\"col-sm-7 full-col-left-padding full-col-right-padding\"> <div  class=\"row\"> <div  data-type=\"column\" class=\"space-bottom-small content-title-col\"> <h5  class=\"\">IDS IT<\/h5> <h2  class=\"\">Portafolio<\/h2> <\/div> <\/div> <div  class=\"row spaced-cols \" data-type=\"row\"> <div  class=\"col-xs-6\" data-type=\"column\">  <p  class=\"\">-Consultor\u00eda, Planificaci\u00f3n<br >y Estrateg\u00eda TI.<br ><br >-Soporte 24\/7.<br ><br >-Staffing.<br ><br >-Gobierno de Datos de BI.<br ><br >-Modelos de Data Discovery.<\/p><\/div> <div  class=\"col-xs-6\" data-type=\"column\"> <p  class=\"\">\n-Implementaci\u00f3n de Infraestructura de Azure para BI.<br ><br >-Implementaci\u00f3n.<br ><br >-Capacitaci\u00f3n SAP y Microsoft.\n<br ><br >-F\u00e1brica de Software.<br ><br >-Proyectos llave en mano.<\/p><\/div>   <\/div><\/div> <\/div><\/div> <\/div><div  id=\"conte-valor\" style=\"background-color: #ffffff;\" data-label=\"Conte valor\" data-id=\"content-3\" data-export-id=\"content-3\" data-category=\"content\" class=\"content-3 content-section content-section-spacing\"><div > <div  class=\"row middle-xs\"><div  class=\"col-sm-7 full-col-left-padding full-col-right-padding\"> <div  class=\"row\"><div  data-type=\"column\" class=\"space-bottom-small content-title-col\"> <h5  class=\"\">IDS IT<\/h5> <h2  class=\"\">Propuesta de Valor<\/h2> <\/div> <\/div> <div  class=\"row spaced-cols\" data-type=\"row\"> <div  class=\"col-xs-6\" data-type=\"column\">  <p  class=\"\">\u00b7Experiencia probada en diferentes tecnolog\u00edas con diferentes industrias.<\/p><\/div> <div  class=\"col-xs-6\" data-type=\"column\"> <p  class=\"\">\u00b7Conocimiento e Implementaci\u00f3n, Desarrollo en las tendencias de TI Centro y Sudam\u00e9rica.<\/p><\/div> <div  class=\"col-xs-6\" data-type=\"column\"> <p  class=\"\">\u00b7Arquitectura y Dise\u00f1o de procesos E2E, de acuerdo a las \u00faltimas tecnolog\u00edas y est\u00e1ndares de la industria.<\/p><\/div>  <\/div><\/div> <div  class=\"col-sm-5 bg-image shadow-large-black revert-classes-holder\" data-bg=\"image\" style=\"background-image: url(&quot;http:\/\/idsmovil.com.mx\/wp-content\/uploads\/2024\/10\/cropped-PROPUESTA.png&quot;);\"><\/div><\/div> <\/div><\/div><div  id=\"casos\" style=\"background-color: rgb(245, 250, 253); background-image: none;\" data-label=\"casos\" data-id=\"testimonials-5\" data-export-id=\"testimonials-5\" data-category=\"testimonials\" class=\"testimonials-5 content-section content-section-spacing\"><div  class=\"gridContainer\"> <div  class=\"row\"><div  data-type=\"column\" class=\"section-title-col\"> <h2  class=\"\">Casos de \u00e9xito<\/h2> <p  class=\"lead\">Soluciones en M\u00e9xico y Sudam\u00e9rica.<\/p><\/div> <\/div> <div  class=\"row spaced-cols content-center-sm center-sm\" data-type=\"row\"> <div  class=\"col-xs-12 col-sm-6 col-md-4 \"> <div  class=\"card y-move bordered\" data-type=\"column\"> <i  class=\"fa fa-quote-right icon color1 small quotation-icon\"><\/i> <p  class=\"text-center\">Problem\u00e1tica: Contar con un proveedor estrat\u00e9gico para el acompa\u00f1amiento en la implementaci\u00f3n  de todos los requerimientos operativos\u2026<\/p> <a data-cp-link=\"1\" href=\"https:\/\/idsmovil.com.mx?page_id=509\" class=\"\" target=\"_self\" rel=\"noopener\"><img  decoding=\"async\" src=\"http:\/\/idsmovil.com.mx\/wp-content\/uploads\/2024\/10\/cropped-coca.jpg\" class=\"round icon\"><\/a> <h6  class=\"\">\u201dIndustria de Bebidas y Jugos\u201d l\u00edder de Mercado.<\/h6> <\/div> <\/div>  <div  class=\"col-xs-12 col-sm-6 col-md-4 \"> <div  class=\"card y-move bordered\" data-type=\"column\"> <i  class=\"fa fa-quote-right icon color1 small quotation-icon\"><\/i> <p  class=\"text-center\">Problem\u00e1tica: Control manual de los documentos relacionados con los pagos emitidos por los clientes. Esto impacta en la integridad\u2026&nbsp;<\/p> <a data-cp-link=\"1\" href=\"https:\/\/idsmovil.com.mx?page_id=588\" class=\"\" target=\"_self\" rel=\"noopener\"><img  decoding=\"async\" src=\"http:\/\/idsmovil.com.mx\/wp-content\/uploads\/2024\/10\/cropped-Ferrero.jpg\" class=\"round icon\" title=\"cropped-Ferrero.jpg\" alt=\"\"><\/a> <h6  class=\"\">\u201cIndustria Alimenticia y de Chocolates\u201d l\u00edder de Mercado<\/h6> <\/div> <\/div><div  class=\"col-xs-12 col-sm-6 col-md-4\"> <div  class=\"card y-move bordered\" data-type=\"column\"> <i  class=\"fa fa-quote-right icon color1 small quotation-icon\"><\/i> <p  class=\"text-center\">Problem\u00e1tica: Alto volumen en registro de precios, descuentos y promociones, ya que se realizaban pr\u00e1cticamente cliente\u2026<\/p> <a data-cp-link=\"1\" href=\"https:\/\/idsmovil.com.mx?page_id=571\" class=\"\" target=\"_self\" rel=\"noopener\"><img  decoding=\"async\" src=\"http:\/\/idsmovil.com.mx\/wp-content\/uploads\/2024\/10\/cropped-LALA-1.png\" class=\"round icon\"><\/a> <h6  class=\"\">\u201dIndustria de Bebidas y l\u00e1cteos\u201d l\u00edder de Mercado.<\/h6> <\/div> <\/div><div  class=\"col-xs-12 col-sm-6 col-md-4\"> <div  class=\"card y-move bordered\" data-type=\"column\">     <a class=\"link\" href=\"https:\/\/idsmovil.com.mx?page_id=649\" target=\"_self\" data-cp-link=\"1\" rel=\"noopener\">+ Casos de \u00c9xito<\/a><\/div> <\/div><\/div> <\/div><\/div><div  id=\"cta-1\" data-label=\"Cta\" data-id=\"cta-blue-section\" data-export-id=\"cta-blue-section\" data-category=\"cta\" class=\"cta-blue-section content-section content-section-spacing-medium bg-color1 white-text\"><div  class=\"\"> <div  class=\"row middle-xs\"><div  class=\"col-sm-8 space-bottom-xs\" data-type=\"column\"> <h2  class=\"\">Te llevamos de la mano al \u00e9xito\u2026<\/h2> <a  class=\"link\" href=\"#\">new link<\/a><\/div> <div  class=\"col-sm-4 end-sm\" data-type=\"column\"> <\/div> <\/div><\/div> <\/div><div  data-label=\"Clients\" data-id=\"clients--1\" data-export-id=\"clients-4\" data-category=\"clients\" class=\"clients-4 content-section content-section-spacing-small\" id=\"clients-1\" style=\"background-color: rgb(245, 250, 253);\"><div  class=\"gridContainer\"> <div  class=\"row\"><div  data-type=\"column\" class=\"section-title-col\"> <h2  class=\"font-700\">Clientes<\/h2> <\/div> <\/div> <div  data-type=\"row\" class=\"row spaced-cols middle-xs center-xs space-bottom padding-lr\"> <div  class=\"col-xs-6 col-sm-2\"> <img  decoding=\"async\" src=\"http:\/\/idsmovil.com.mx\/wp-content\/uploads\/2024\/10\/cropped-LOGO-JUGOSpng-1.png\" class=\"\" title=\"JUGOS\" alt=\"\"><\/div> <div  class=\"col-xs-6 col-sm-2\"> <img  decoding=\"async\" src=\"http:\/\/idsmovil.com.mx\/wp-content\/uploads\/2024\/10\/cropped-logo-piagui.png\" class=\"\" title=\"cropped-logo-piagui.png\" alt=\"\"><\/div> <div  class=\"col-xs-6 col-sm-2\"> <img  decoding=\"async\" src=\"http:\/\/idsmovil.com.mx\/wp-content\/uploads\/2024\/10\/cropped-Logo_KOF.png\" class=\"\" title=\"cropped-Logo_KOF.png\" alt=\"\"><\/div> <div  class=\"col-xs-6 col-sm-2\"> <img  decoding=\"async\" src=\"http:\/\/idsmovil.com.mx\/wp-content\/uploads\/2024\/10\/cropped-FRESNILLO_PLC-LOGO_twitter_400x400.png\" class=\"\" title=\"cropped-FRESNILLO_PLC-LOGO_twitter_400x400.png\" alt=\"\"><\/div> <div  class=\"col-xs-6 col-sm-2\"> <img  decoding=\"async\" src=\"http:\/\/idsmovil.com.mx\/wp-content\/uploads\/2024\/10\/cropped-logo@4x-1.png\" class=\"\" title=\"logo LA\" alt=\"\"><\/div>  <div  class=\"col-xs-6 col-sm-2\"> <img  decoding=\"async\" src=\"http:\/\/idsmovil.com.mx\/wp-content\/uploads\/2024\/10\/cropped-MAN_Logo_pos_100-1.png\" class=\"\" title=\"MAN_Logo_\" alt=\"\"><\/div><div  class=\"col-xs-6 col-sm-2\"> <a class=\"link\" href=\"https:\/\/idsmovil.com.mx?page_id=704\" target=\"_self\" data-cp-link=\"1\" rel=\"noopener\">+ Clientes<\/a><\/div><\/div><\/div> <\/div><div  id=\"contacto\" data-label=\"Contacto\" data-id=\"contact-1\" data-export-id=\"contact-1\" data-category=\"contact\" class=\"contact-1 content-section content-section-spacing white-text\" data-parallax-depth=\"20\" style=\"background-image: url(&quot;http:\/\/idsmovil.com.mx\/wp-content\/uploads\/2024\/10\/4.png&quot;); background-size: cover; background-position: center top;\"><div  class=\"gridContainer\"> <div  class=\"row text-center\"><div  class=\"section-title-col\" data-type=\"column\"> <h2  class=\"\">Contacto<\/h2> <p  class=\"lead\">Daniel Huacuja 32, Magisterial Vista Bella, C.P. 54050, Tlanepantla de Baz, Edo de M\u00e9xico\n<br >Tel: 55-1663-0359\n<br >contacto@idsmovil.com.mx<\/p><a class=\"link\" href=\"https:\/\/maps.app.goo.gl\/z5RjFeAXQZUa1Ucm8\" target=\"_self\" data-cp-link=\"1\" rel=\"noopener\">GOOGLE MAPS<\/a><\/div> <\/div> <div  class=\"row text-center\"> <div  class=\"col-xs-12 col-sm-8 col-sm-offset-2 contact-form-wrapper inline-info\"> <div  class=\"card large-padding\"> <div  class=\"\" data-content-shortcode=\"mesmerize_contact_form shortcode=&quot;contact-form-7 id=&amp;amp;quot;7401c06&amp;amp;quot; title=&amp;amp;quot;Contact form 1&amp;amp;quot;&quot;\" data-editable=\"true\">\n<div class=\"wpcf7 no-js\" id=\"wpcf7-f44-o1\" lang=\"es-MX\" dir=\"ltr\">\n<div class=\"screen-reader-response\"><p role=\"status\" aria-live=\"polite\" aria-atomic=\"true\"><\/p> <ul><\/ul><\/div>\n<form action=\"\/index.php?rest_route=%2Fwp%2Fv2%2Fpages%2F355#wpcf7-f44-o1\" method=\"post\" class=\"wpcf7-form init\" aria-label=\"Formulario de contacto\" novalidate=\"novalidate\" data-status=\"init\">\n<div style=\"display: none;\">\n<input type=\"hidden\" name=\"_wpcf7\" value=\"44\" \/>\n<input type=\"hidden\" name=\"_wpcf7_version\" value=\"5.9.8\" \/>\n<input type=\"hidden\" name=\"_wpcf7_locale\" value=\"es_MX\" \/>\n<input type=\"hidden\" name=\"_wpcf7_unit_tag\" value=\"wpcf7-f44-o1\" \/>\n<input type=\"hidden\" name=\"_wpcf7_container_post\" value=\"0\" \/>\n<input type=\"hidden\" name=\"_wpcf7_posted_data_hash\" value=\"\" \/>\n<\/div>\n<p><label> Tu nombre<br \/>\n<span class=\"wpcf7-form-control-wrap\" data-name=\"your-name\"><input size=\"40\" maxlength=\"400\" class=\"wpcf7-form-control wpcf7-text wpcf7-validates-as-required\" autocomplete=\"name\" aria-required=\"true\" aria-invalid=\"false\" value=\"\" type=\"text\" name=\"your-name\" \/><\/span> <\/label>\n<\/p>\n<p><label> Tu correo electr\u00f3nico<br \/>\n<span class=\"wpcf7-form-control-wrap\" data-name=\"your-email\"><input size=\"40\" maxlength=\"400\" class=\"wpcf7-form-control wpcf7-email wpcf7-validates-as-required wpcf7-text wpcf7-validates-as-email\" autocomplete=\"email\" aria-required=\"true\" aria-invalid=\"false\" value=\"\" type=\"email\" name=\"your-email\" \/><\/span> <\/label>\n<\/p>\n<p><label> Telefono<br \/>\n<span class=\"wpcf7-form-control-wrap\" data-name=\"tel-485\"><input size=\"40\" maxlength=\"400\" class=\"wpcf7-form-control wpcf7-tel wpcf7-validates-as-required wpcf7-text wpcf7-validates-as-tel\" aria-required=\"true\" aria-invalid=\"false\" value=\"\" type=\"tel\" name=\"tel-485\" \/><\/span> <\/label>\n<\/p>\n<p><label> Asunto<br \/>\n<span class=\"wpcf7-form-control-wrap\" data-name=\"your-subject\"><input size=\"40\" maxlength=\"400\" class=\"wpcf7-form-control wpcf7-text wpcf7-validates-as-required\" aria-required=\"true\" aria-invalid=\"false\" value=\"\" type=\"text\" name=\"your-subject\" \/><\/span> <\/label>\n<\/p>\n<p><label> Tu mensaje (optional)<br \/>\n<span class=\"wpcf7-form-control-wrap\" data-name=\"your-message\"><textarea cols=\"40\" rows=\"10\" maxlength=\"2000\" class=\"wpcf7-form-control wpcf7-textarea\" aria-invalid=\"false\" name=\"your-message\"><\/textarea><\/span> <\/label>\n<\/p>\n<p><input class=\"wpcf7-form-control wpcf7-submit has-spinner\" type=\"submit\" value=\"Enviar\" \/>\n<\/p><p style=\"display: none !important;\" class=\"akismet-fields-container\" data-prefix=\"_wpcf7_ak_\"><label>&#916;<textarea name=\"_wpcf7_ak_hp_textarea\" cols=\"45\" rows=\"8\" maxlength=\"100\"><\/textarea><\/label><input type=\"hidden\" id=\"ak_js_1\" name=\"_wpcf7_ak_js\" value=\"203\"\/><script>document.getElementById( \"ak_js_1\" ).setAttribute( \"value\", ( new Date() ).getTime() );<\/script><\/p><div class=\"wpcf7-response-output\" aria-hidden=\"true\"><\/div>\n<\/form>\n<\/div>\n<\/div><\/div> <\/div><\/div> <\/div><\/div>","protected":false},"excerpt":{"rendered":"<p>Historia Inform\u00e1tica y Desarrollo en Sistemas es una empresa especializada en servicios de Consultor\u00eda en Tecnolog\u00edas de la Informaci\u00f3n y Negocios.&nbsp;Contamos con + 20 a\u00f1os de experiencia que respaldan\u2026 Valores Misi\u00f3n: Habilitar las m\u00e1s altas ventajas tecnol\u00f3gicas a las diversas soluciones de SAP para contribuir eficaz y eficientemente a la soluci\u00f3n de las necesidades y&hellip; <br \/> <a class=\"read-more\" href=\"https:\/\/idsmovil.com.mx\/\">Read more<\/a><\/p>\n","protected":false},"author":2,"featured_media":0,"parent":0,"menu_order":0,"comment_status":"closed","ping_status":"closed","template":"page-templates\/homepage.php","meta":{"footnotes":""},"class_list":["post-355","page","type-page","status-publish","hentry"],"_links":{"self":[{"href":"https:\/\/idsmovil.com.mx\/index.php?rest_route=\/wp\/v2\/pages\/355","targetHints":{"allow":["GET"]}}],"collection":[{"href":"https:\/\/idsmovil.com.mx\/index.php?rest_route=\/wp\/v2\/pages"}],"about":[{"href":"https:\/\/idsmovil.com.mx\/index.php?rest_route=\/wp\/v2\/types\/page"}],"author":[{"embeddable":true,"href":"https:\/\/idsmovil.com.mx\/index.php?rest_route=\/wp\/v2\/users\/2"}],"replies":[{"embeddable":true,"href":"https:\/\/idsmovil.com.mx\/index.php?rest_route=%2Fwp%2Fv2%2Fcomments&post=355"}],"version-history":[{"count":74,"href":"https:\/\/idsmovil.com.mx\/index.php?rest_route=\/wp\/v2\/pages\/355\/revisions"}],"predecessor-version":[{"id":755,"href":"https:\/\/idsmovil.com.mx\/index.php?rest_route=\/wp\/v2\/pages\/355\/revisions\/755"}],"wp:attachment":[{"href":"https:\/\/idsmovil.com.mx\/index.php?rest_route=%2Fwp%2Fv2%2Fmedia&parent=355"}],"curies":[{"name":"wp","href":"https:\/\/api.w.org\/{rel}","templated":true}]}}